{"id":309,"date":"2026-03-12T22:54:02","date_gmt":"2026-03-12T22:54:02","guid":{"rendered":"https:\/\/tourasilhas.com.br\/?post_type=product&#038;p=309"},"modified":"2026-03-12T23:20:03","modified_gmt":"2026-03-12T23:20:03","slug":"passeio-ilha-dos-frades-e-de-itaparica-sem-as-taxas","status":"publish","type":"product","link":"https:\/\/tourasilhas.com.br\/?product=passeio-ilha-dos-frades-e-de-itaparica-sem-as-taxas","title":{"rendered":"Ilha dos Frades e de Itaparica sem as taxas"},"content":{"rendered":"<p><strong>Passeio Incr\u00edvel pelas Ilhas da Ba\u00eda-de-Todos-os-Santos.<\/strong><\/p>\n<p>Embarque em uma experi\u00eancia inesquec\u00edvel pelas belezas naturais da Bahia!<\/p>\n<p>Sa\u00eddas di\u00e1rias \u00e0s 08h00 do Terminal Tur\u00edstico N\u00e1utico da Bahia, em Salvador, rumo \u00e0 paradis\u00edaca Ilha dos Frades. Chegamos por volta das 09h30, onde voc\u00ea poder\u00e1 aproveitar as \u00e1guas cristalinas, fazer fotos incr\u00edveis e curtir a natureza at\u00e9 as 12h30.<\/p>\n<p>A pr\u00f3xima parada \u00e9 em Ponta de Areia, na Ilha de Itaparica. Desfrute de um delicioso almo\u00e7o no restaurante Manguezal &#8211; R$ 139,90 kg (valor do almo\u00e7o n\u00e3o incluso), com o melhor da culin\u00e1ria baiana, e relaxe at\u00e9 as 15h30.<\/p>\n<p>Nosso retorno acontece \u00e0s 16h00, com chegada prevista em Salvador entre 17h15 e 17h30.<\/p>\n<p><strong>Valores<\/strong><\/p>\n<p>Passeio: R$ 100,00<br \/>\nTaxa de embarque:20,00<br \/>\nTaxa da ilha dos Frades: 35,00<\/p>\n","protected":false},"excerpt":{"rendered":"<h3>Promo\u00e7\u00e3o taxas N\u00c3O inclu\u00eddas<\/h3>\n<h3>Ilha dos Frades<\/h3>\n<p>Nosso passeio come\u00e7a com nosso primeiro destino em Ilha dos Frades, onde ficaremos na Praia da Ponta de Nossa Senhora de Guadalupe, tamb\u00e9m podendo visitar a igreja que fica pr\u00f3xima.<\/p>\n<p>&nbsp;<\/p>\n<h3>Ilha de Itaparica<\/h3>\n<p>Nossa segunda parada ser\u00e1 na Praia de Ponta de Areia j\u00e1 estando na Ilha de Itaparica, onde ficaremos no Restaurante Manguezal (valor do almo\u00e7o R$ 139,90 Kg \u2013 n\u00e3o incluso no passeio).<\/p>\n<p>Especializado em comidas t\u00edpicas da culin\u00e1ria baiana, o restaurante oferece \u00e1reas de lazer diversas e instagram\u00e1veis.<\/p>\n<div class=\"fusion-text fusion-text-8\">\n<p>Existe ainda um tour opcional, com guia, para conhecer a Ilha de Itaparica, seus pontos mais famosos, hist\u00f3ria dos moradores ilustres, que pode ser fechado no pr\u00f3prio restaurante. O passeio tem o custo s de R$ 30,00 e vale muito a pena.<\/p>\n<\/div>\n","protected":false},"featured_media":64,"template":"","meta":[],"product_brand":[],"product_cat":[18],"product_tag":[22,24,21,23],"class_list":{"0":"post-309","1":"product","2":"type-product","3":"status-publish","4":"has-post-thumbnail","6":"product_cat-viagens","7":"product_tag-ilha-de-itaparica","8":"product_tag-ilha-dos-frades","9":"product_tag-salvador","10":"product_tag-viagens-taxas-inclusas","12":"first","13":"instock","14":"shipping-taxable","15":"purchasable","16":"product-type-simple"},"_links":{"self":[{"href":"https:\/\/tourasilhas.com.br\/index.php?rest_route=\/wp\/v2\/product\/309","targetHints":{"allow":["GET"]}}],"collection":[{"href":"https:\/\/tourasilhas.com.br\/index.php?rest_route=\/wp\/v2\/product"}],"about":[{"href":"https:\/\/tourasilhas.com.br\/index.php?rest_route=\/wp\/v2\/types\/product"}],"wp:featuredmedia":[{"embeddable":true,"href":"https:\/\/tourasilhas.com.br\/index.php?rest_route=\/wp\/v2\/media\/64"}],"wp:attachment":[{"href":"https:\/\/tourasilhas.com.br\/index.php?rest_route=%2Fwp%2Fv2%2Fmedia&parent=309"}],"wp:term":[{"taxonomy":"product_brand","embeddable":true,"href":"https:\/\/tourasilhas.com.br\/index.php?rest_route=%2Fwp%2Fv2%2Fproduct_brand&post=309"},{"taxonomy":"product_cat","embeddable":true,"href":"https:\/\/tourasilhas.com.br\/index.php?rest_route=%2Fwp%2Fv2%2Fproduct_cat&post=309"},{"taxonomy":"product_tag","embeddable":true,"href":"https:\/\/tourasilhas.com.br\/index.php?rest_route=%2Fwp%2Fv2%2Fproduct_tag&post=309"}],"curies":[{"name":"wp","href":"https:\/\/api.w.org\/{rel}","templated":true}]}}